{"id":16,"date":"2019-04-23T11:52:43","date_gmt":"2019-04-23T11:52:43","guid":{"rendered":"http:\/\/strandurlaubzinnowitz.de\/?page_id=16"},"modified":"2019-04-23T13:13:13","modified_gmt":"2019-04-23T13:13:13","slug":"impressum","status":"publish","type":"page","link":"https:\/\/strandurlaubzinnowitz.de\/?page_id=16","title":{"rendered":"Impressum"},"content":{"rendered":"\n<p style=\"text-align:center\">Christian Rosenfeld <\/p>\n\n\n\n<p style=\"text-align:center\">Hinter den Tannen 9<\/p>\n\n\n\n<p style=\"text-align:center\"> 17454 Ostseebad Zinnowitz<\/p>\n\n\n\n<p style=\"text-align:center\"> Telefon: 038377-35371 Mobil: 0173-6147183<\/p>\n\n\n\n<p style=\"text-align:center\"> E-Mail: brokermen@web.de <\/p>\n\n\n\n<p style=\"text-align:center\">Webseite: www.strandurlaub-zinnowitz.de <\/p>\n\n\n\n<p>Wichtiger Hinweis\n  zu allen Links auf dieser Website: <\/p>\n\n\n\n<p>Mit Urteil vom 12. Mai 1998 &#8211; 312 O 85\/98 &#8211; &#8222;Haftung \nf\u00fcr Links&#8220; hat das Landgericht (LG) Hamburg entschieden, da\u00df man durch \ndie Anbringung eines Links, die Inhalte der gelinkten Seite ggf. mit zu \nverantworten hat. Dies kann &#8211; so das LG &#8211; nur dadurch verhindert werden,\n da\u00df man sich ausdr\u00fccklich von diesen Inhalten distanziert. Hiermit \ndistanzieren wir uns ausdr\u00fccklich von allen Inhalten aller gelinkten \nSeiten auf unserer Website und machen uns diese Inhalte nicht zu eigen. \nDiese Erkl\u00e4rung gilt f\u00fcr alle auf unserer Website angebrachten Links und\n alle auf dieser Website in irgend einer Form, sowohl direkt als auch \nindirekt, in Text oder Bild oder als Tondatei genannten \nInternetadressen. <\/p>\n\n\n\n<h1 class=\"wp-block-heading\">Unsere  allgemeinen Gesch\u00e4ftsbedingungen<\/h1>\n\n\n\n<p>&nbsp; <br><strong>1.<\/strong> F\u00fcr den Vertragsabschluss gelten die allgemeinen  Regelungen des BGB. Der Vertrag  muss schriftlich geschlossen werden. Nebenabreden bed\u00fcrfen der Schriftform.<\/p>\n\n\n\n<p><strong>2.<\/strong> \u00dcbersendet der Gastgeber eine Reservierung an \nden Gast,  kommt der Vertrag mit fristgerechter Annahme der Reservierung\n (per Post oder  Email) durch den Gast zustande. Sobald der Gast die \nReservierung best\u00e4tigt hat  ist die    Anzahlung  in H\u00f6he von 30 % des \nvereinbarten Gesamtentgeltes f\u00e4llig und auf das angegebene  Konto des \nGastgebers zu \u00fcberweisen.<\/p>\n\n\n\n<p><strong>3.<\/strong> Das vollst\u00e4ndige Gesamtentgelt f\u00fcr die  Freienwohnung hat  der Gast sp\u00e4testens 14 Tage vor Anreise zu  begleichen. Kommt der Vertragsabschluss erst in  k\u00fcrzerer Frist vor  Beginn der \u00dcberlassung der Ferienwohnung zu Stande so ist  das Gesamtentgelt  sofort zur Zahlung f\u00e4llig.<\/p>\n\n\n\n<p><strong>4.<\/strong> Nimmt der Gast die gemietete Ferienwohnung nicht in  Anspruch, so bleibt er trotzdem zur Zahlung des vereinbarten Gesamtentgeltes  verpflichtet. <br> Der Gastgeber ist nach Treu und Glauben gehalten, die  nicht in  Anspruch genommene Ferienwohnung nach M\u00f6glichkeit anderweitig zu   vergeben, um Ausf\u00e4lle zu vermeiden. Sollte die Ferienwohnung anderweitig   vermietet&nbsp; werden k\u00f6nnen, stellt der  Gastgeber dem Gast 50 %  Abwicklungsgeb\u00fchr in Rechnung, ggf. Zuz\u00fcglich eines Schadensausgleichs   in der H\u00f6he der Differenz zu einem geringeren Weitervermietungspreis.<br>Wir  empfehlen den Abschluss einer Reisekostenr\u00fccktrittsversicherung.<\/p>\n\n\n\n<p><strong>5.<\/strong> Der Gast ist verpflichtet, die Ferienwohnung nebst Mobiliar  und Einrichtungsgegenst\u00e4nden schonend zu behandeln. Sch\u00e4den an Gegenst\u00e4nden  bzw. an der Ferienwohnung, die der Gast verursacht hat, sind von diesem zu  ersetzen.\n Bei Bruch und Verlust werden die aktuellen  Widerbeschaffungspreise zu \nGrunde gelegt. Des Weiteren ist der Gast zum  wirtschaftlichen Umgang \nmit den Grundkosten inkl. Nebenkosten verpflichtet. (Heizkosten,  \nEnergie, Wasser)<\/p>\n\n\n\n<p><strong>6.<\/strong> Die gemieteten Wohnungen sind NICHTRAUCHER- Wohnungen und das Rauchen ist untersagt.<\/p>\n\n\n\n<p><strong>7.<\/strong> Um R\u00fccksicht auf weitere Mieter zu nehmen, \nbitten wir Sie  ruhest\u00f6renden L\u00e4rm ab 22.00 Uhr zu vermeiden oder evtl. \nFestlichkeiten im  Grillbereich vorher mit dem Vermieter abzustimmen.<\/p>\n\n\n\n<p><strong>8.<\/strong> Etwaige M\u00e4ngel an der Mietsache hat der Gast  sofort dem  Gastgeber anzuzeigen. Sch\u00e4den, die durch eine versp\u00e4tete  Anzeige entstehen, hat  der Gast zu  tragen. <\/p>\n\n\n\n<p><strong>9. <\/strong>Hundehalter sind daf\u00fcr verantwortlich, dass Ihre Tiere Ihre  Bed\u00fcrfnisse <strong>au\u00dferhalb<\/strong>\n des Grundst\u00fcckes verrichten und auf dem Grundst\u00fcck  nichts besch\u00e4digen.\n Hunde sind auf dem Grundst\u00fcck an der Leine zu f\u00fchren. Die  Geb\u00fchr \nbetr\u00e4gt pro Hund \u20ac 3,- pro Tag<\/p>\n\n\n\n<p><strong>10.<\/strong> Bei Verlust  der Schl\u00fcssel werden die \nSchlosszylinder aus Sicherheitsgr\u00fcnden ausgetauscht.  Der Gast hat f\u00fcr \ndie dadurch entstehenden Kosten aufzukommen. <\/p>\n\n\n\n<p><strong>11. <\/strong>Die Hausordnung des betreffenden Geb\u00e4udes ist Bestandteil  dieses Vertrages<\/p>\n\n\n\n<p><strong>12.<\/strong> Mehrere Personen als Mieter haften f\u00fcr alle Verpflichtungen  aus dem Mietvertrag als Gesamtschuldner.<\/p>\n\n\n\n<p><strong>13. <\/strong>Die Wohnung steht am Anreisetag ab 15.00 Uhr \nzur  Verf\u00fcgung. Den Schl\u00fcssel finden Sie gem\u00e4\u00df Ihrer Buchung in der \nSchl\u00fcsselbox am Objekt, den Code f\u00fcr die Box erfragen Sie bitte \ntelefonisch beim Vermieter. Bei der Anreise  setzen Sie sich bitte \nrechtzeitig telefonisch mit uns in Verbindung. Bei Auszug  wird die \nWohnung im ordnungsgem\u00e4\u00dfen Zustand (Besenrein) an den Vermieter oder  \ndessen Bevollm\u00e4chtigten \u00fcbergeben.  Die Abreise muss bis 10.00 Uhr \nerfolgen. <\/p>\n\n\n\n<p><strong>14. <\/strong>Die Gr\u00fcnfl\u00e4chen und Terrassen dienen der  Erholung. Kindern  ist das Spielen auf dem Grundst\u00fcck untersagt und es  wird darum gebeten, die  daf\u00fcr vorgesehenen Spielpl\u00e4tze im Ort oder am  Strand zu nutzen. Der  zur Verf\u00fcgung gestellte Grillplatz ist unverz\u00fcglich nach dem Grillen zu  reinigen.<\/p>\n\n\n\n<p><strong>15. <\/strong>Die Endreinigung betr\u00e4gt \u20ac 40,00 und beinhaltet nur den Sanit\u00e4rbereich  und den K\u00fcchenbereich jedoch nicht die Geschirrreinigung. Bei  Missachtung der Geschirrreinigung erheben wir eine zus\u00e4tzliche Kostenpauschale  von \u20ac 10,00.<\/p>\n\n\n\n<p><strong>16.<\/strong> Die in den Seeb\u00e4dern anfallende Kurtaxe ist nicht im Preis  enthalten !<\/p>\n\n\n\n<p><strong>17.<\/strong> Der Gerichtsstand f\u00fcr Streitigkeiten aus diesem  Vertragsverh\u00e4ltnis ist Wolgast.<\/p>\n\n\n\n<p><strong>18.<\/strong> Sofern eine Bestimmung unwirksam ist oder werden sollte,  wird hierdurch die Wirksamkeit der \u00dcbrigen nicht ber\u00fchrt.<\/p>\n\n\n\n<p><strong>19. <\/strong>Die Nutzung der Wohnung und des  Grundst\u00fcckes  sowie der Stellpl\u00e4tze, wie auch insbesondere der Nassr\u00e4ume, steht   ausschlie\u00dflich den in der Buchung genannten mietenden Personen zur  Verf\u00fcgung.<br>Empfang  weiterer Personen auf dem Grundst\u00fcck oder in der Wohnung bedarf unserer  Zustimmung.<\/p>\n\n\n\n<p><strong>20.<\/strong> Auf unserem Privatgrundst\u00fcck befindet sich ein Teich, achten  Sie auf Ihre Kinder.<\/p>\n\n\n\n<p><strong>21. <\/strong>Das Betreten der privaten Bereiche ist nicht gestattet.<\/p>\n","protected":false},"excerpt":{"rendered":"<p>Christian Rosenfeld Hinter den Tannen 9 17454 Ostseebad Zinnowitz Telefon: 038377-35371 Mobil: 0173-6147183 E-Mail: brokermen@web.de Webseite: www.strandurlaub-zinnowitz.de Wichtiger Hinweis zu<\/p>\n","protected":false},"author":1,"featured_media":0,"parent":0,"menu_order":0,"comment_status":"closed","ping_status":"closed","template":"","meta":{"footnotes":""},"class_list":["post-16","page","type-page","status-publish","hentry"],"yoast_head":"<!-- This site is optimized with the Yoast SEO plugin v27.5 - https:\/\/yoast.com\/product\/yoast-seo-wordpress\/ -->\n<title>Impressum - Ferienwohnungen in Zinnowitz<\/title>\n<meta name=\"robots\" content=\"index, follow, max-snippet:-1, max-image-preview:large, max-video-preview:-1\" \/>\n<link rel=\"canonical\" href=\"https:\/\/strandurlaubzinnowitz.de\/?page_id=16\" \/>\n<meta property=\"og:locale\" content=\"de_DE\" \/>\n<meta property=\"og:type\" content=\"article\" \/>\n<meta property=\"og:title\" content=\"Impressum - Ferienwohnungen in Zinnowitz\" \/>\n<meta property=\"og:description\" content=\"Christian Rosenfeld Hinter den Tannen 9 17454 Ostseebad Zinnowitz Telefon: 038377-35371 Mobil: 0173-6147183 E-Mail: brokermen@web.de Webseite: www.strandurlaub-zinnowitz.de Wichtiger Hinweis zu\" \/>\n<meta property=\"og:url\" content=\"https:\/\/strandurlaubzinnowitz.de\/?page_id=16\" \/>\n<meta property=\"og:site_name\" content=\"Ferienwohnungen in Zinnowitz\" \/>\n<meta property=\"article:modified_time\" content=\"2019-04-23T13:13:13+00:00\" \/>\n<meta name=\"twitter:card\" content=\"summary_large_image\" \/>\n<meta name=\"twitter:label1\" content=\"Gesch\u00e4tzte Lesezeit\" \/>\n\t<meta name=\"twitter:data1\" content=\"4\u00a0Minuten\" \/>\n<script type=\"application\/ld+json\" class=\"yoast-schema-graph\">{\"@context\":\"https:\\\/\\\/schema.org\",\"@graph\":[{\"@type\":\"WebPage\",\"@id\":\"https:\\\/\\\/strandurlaubzinnowitz.de\\\/?page_id=16\",\"url\":\"https:\\\/\\\/strandurlaubzinnowitz.de\\\/?page_id=16\",\"name\":\"Impressum - Ferienwohnungen in Zinnowitz\",\"isPartOf\":{\"@id\":\"https:\\\/\\\/strandurlaubzinnowitz.de\\\/#website\"},\"datePublished\":\"2019-04-23T11:52:43+00:00\",\"dateModified\":\"2019-04-23T13:13:13+00:00\",\"breadcrumb\":{\"@id\":\"https:\\\/\\\/strandurlaubzinnowitz.de\\\/?page_id=16#breadcrumb\"},\"inLanguage\":\"de\",\"potentialAction\":[{\"@type\":\"ReadAction\",\"target\":[\"https:\\\/\\\/strandurlaubzinnowitz.de\\\/?page_id=16\"]}]},{\"@type\":\"BreadcrumbList\",\"@id\":\"https:\\\/\\\/strandurlaubzinnowitz.de\\\/?page_id=16#breadcrumb\",\"itemListElement\":[{\"@type\":\"ListItem\",\"position\":1,\"name\":\"Startseite\",\"item\":\"https:\\\/\\\/strandurlaubzinnowitz.de\\\/\"},{\"@type\":\"ListItem\",\"position\":2,\"name\":\"Impressum\"}]},{\"@type\":\"WebSite\",\"@id\":\"https:\\\/\\\/strandurlaubzinnowitz.de\\\/#website\",\"url\":\"https:\\\/\\\/strandurlaubzinnowitz.de\\\/\",\"name\":\"Ferienwohnungen in Zinnowitz\",\"description\":\"www.strandurlaub-zinnowitz.de\",\"potentialAction\":[{\"@type\":\"SearchAction\",\"target\":{\"@type\":\"EntryPoint\",\"urlTemplate\":\"https:\\\/\\\/strandurlaubzinnowitz.de\\\/?s={search_term_string}\"},\"query-input\":{\"@type\":\"PropertyValueSpecification\",\"valueRequired\":true,\"valueName\":\"search_term_string\"}}],\"inLanguage\":\"de\"}]}<\/script>\n<!-- \/ Yoast SEO plugin. -->","yoast_head_json":{"title":"Impressum - Ferienwohnungen in Zinnowitz","robots":{"index":"index","follow":"follow","max-snippet":"max-snippet:-1","max-image-preview":"max-image-preview:large","max-video-preview":"max-video-preview:-1"},"canonical":"https:\/\/strandurlaubzinnowitz.de\/?page_id=16","og_locale":"de_DE","og_type":"article","og_title":"Impressum - Ferienwohnungen in Zinnowitz","og_description":"Christian Rosenfeld Hinter den Tannen 9 17454 Ostseebad Zinnowitz Telefon: 038377-35371 Mobil: 0173-6147183 E-Mail: brokermen@web.de Webseite: www.strandurlaub-zinnowitz.de Wichtiger Hinweis zu","og_url":"https:\/\/strandurlaubzinnowitz.de\/?page_id=16","og_site_name":"Ferienwohnungen in Zinnowitz","article_modified_time":"2019-04-23T13:13:13+00:00","twitter_card":"summary_large_image","twitter_misc":{"Gesch\u00e4tzte Lesezeit":"4\u00a0Minuten"},"schema":{"@context":"https:\/\/schema.org","@graph":[{"@type":"WebPage","@id":"https:\/\/strandurlaubzinnowitz.de\/?page_id=16","url":"https:\/\/strandurlaubzinnowitz.de\/?page_id=16","name":"Impressum - Ferienwohnungen in Zinnowitz","isPartOf":{"@id":"https:\/\/strandurlaubzinnowitz.de\/#website"},"datePublished":"2019-04-23T11:52:43+00:00","dateModified":"2019-04-23T13:13:13+00:00","breadcrumb":{"@id":"https:\/\/strandurlaubzinnowitz.de\/?page_id=16#breadcrumb"},"inLanguage":"de","potentialAction":[{"@type":"ReadAction","target":["https:\/\/strandurlaubzinnowitz.de\/?page_id=16"]}]},{"@type":"BreadcrumbList","@id":"https:\/\/strandurlaubzinnowitz.de\/?page_id=16#breadcrumb","itemListElement":[{"@type":"ListItem","position":1,"name":"Startseite","item":"https:\/\/strandurlaubzinnowitz.de\/"},{"@type":"ListItem","position":2,"name":"Impressum"}]},{"@type":"WebSite","@id":"https:\/\/strandurlaubzinnowitz.de\/#website","url":"https:\/\/strandurlaubzinnowitz.de\/","name":"Ferienwohnungen in Zinnowitz","description":"www.strandurlaub-zinnowitz.de","potentialAction":[{"@type":"SearchAction","target":{"@type":"EntryPoint","urlTemplate":"https:\/\/strandurlaubzinnowitz.de\/?s={search_term_string}"},"query-input":{"@type":"PropertyValueSpecification","valueRequired":true,"valueName":"search_term_string"}}],"inLanguage":"de"}]}},"_links":{"self":[{"href":"https:\/\/strandurlaubzinnowitz.de\/index.php?rest_route=\/wp\/v2\/pages\/16","targetHints":{"allow":["GET"]}}],"collection":[{"href":"https:\/\/strandurlaubzinnowitz.de\/index.php?rest_route=\/wp\/v2\/pages"}],"about":[{"href":"https:\/\/strandurlaubzinnowitz.de\/index.php?rest_route=\/wp\/v2\/types\/page"}],"author":[{"embeddable":true,"href":"https:\/\/strandurlaubzinnowitz.de\/index.php?rest_route=\/wp\/v2\/users\/1"}],"replies":[{"embeddable":true,"href":"https:\/\/strandurlaubzinnowitz.de\/index.php?rest_route=%2Fwp%2Fv2%2Fcomments&post=16"}],"version-history":[{"count":5,"href":"https:\/\/strandurlaubzinnowitz.de\/index.php?rest_route=\/wp\/v2\/pages\/16\/revisions"}],"predecessor-version":[{"id":49,"href":"https:\/\/strandurlaubzinnowitz.de\/index.php?rest_route=\/wp\/v2\/pages\/16\/revisions\/49"}],"wp:attachment":[{"href":"https:\/\/strandurlaubzinnowitz.de\/index.php?rest_route=%2Fwp%2Fv2%2Fmedia&parent=16"}],"curies":[{"name":"wp","href":"https:\/\/api.w.org\/{rel}","templated":true}]}}