{"id":12,"date":"2019-04-23T11:52:43","date_gmt":"2019-04-23T11:52:43","guid":{"rendered":"http:\/\/strandurlaubzinnowitz.de\/?page_id=12"},"modified":"2022-07-03T15:05:05","modified_gmt":"2022-07-03T15:05:05","slug":"ferienwohnungen","status":"publish","type":"page","link":"https:\/\/strandurlaubzinnowitz.de\/?page_id=12","title":{"rendered":"Unsere Ferienwohnungen"},"content":{"rendered":"\n<p>Unsere 4 Ferienwohnungen sind mit je 2 Wohnungen pro Etage im Objekt optimal verteilt, um Ihnen einen sorgenfreien angenehmen Aufenthalt zu erm\u00f6glichen.<\/p>\n\n\n\n<p>Alle Ferienwohnungen haben 1 Schlafraum mit einem Doppelbett sowie einer Schlafcouch im Wohnraum und ein Bad, 1 Pantryk\u00fcche mit K\u00fchlschrank, Kaffeemaschine, Toaster, Wasserkocher und Mikrowelle sowie Geschirr und Besteck. In den B\u00e4dern finden Sie jeweils eine Dusche, einen Waschtisch und nat\u00fcrlich ein WC. Sie k\u00f6nnen einen Fernseher mit SAT-TV, einen CD-Player, ein Radio und bei Bedarf auch WLAN nutzen.<\/p>\n\n\n\n<p><strong>Ferienwohnungen im Erdgeschoss<\/strong><\/p>\n\n\n\n<p>Diese 2 Ferienwohnungen sind f\u00fcr je 2 Personen und auf Wunsch f\u00fcr eine Aufbettung ausgelegt. Die Gr\u00f6\u00dfe betr\u00e4gt ca. 36m\u00b2 und bietet einen Wohnraum, einen Schlafraum und ein Bad. Sie verf\u00fcgen \u00fcber eine private Terrasse, auf die Sie durch die zu \u00f6ffnenden Glasfl\u00fcgelt\u00fcren aus dem Wohnbereich einen direkten Zugang haben. Sie k\u00f6nnen ganzj\u00e4hrig gebucht werden da alle Wohnr\u00e4ume \u00fcber eine Heizung verf\u00fcgen.<\/p>\n\n\n\n<div class=\"alignnormal\"><div id=\"metaslider-id-141\" style=\"width: 100%;\" class=\"ml-slider-3-108-0 metaslider metaslider-flex metaslider-141 ml-slider has-dots-nav ms-theme-default\" role=\"region\" aria-label=\"Fewo unten\" data-height=\"960\" data-width=\"1280\">\n    <div id=\"metaslider_container_141\">\n        <div id=\"metaslider_141\">\n            <ul class='slides'>\n                <li style=\"display: block; width: 100%;\" class=\"slide-285 ms-image \" aria-roledescription=\"slide\" data-date=\"2022-07-03 15:03:05\" data-filename=\"PHOTO-2021-05-25-16-13-37-1200x900.jpg\" data-slide-type=\"image\"><img loading=\"lazy\" decoding=\"async\" src=\"https:\/\/strandurlaubzinnowitz.de\/wp-content\/uploads\/2022\/07\/PHOTO-2021-05-25-16-13-37-1200x900.jpg\" height=\"960\" width=\"1280\" alt=\"\" class=\"slider-141 slide-285 msDefaultImage\" title=\"PHOTO-2021-05-25-16-13-37\" \/><\/li>\n                <li style=\"display: none; width: 100%;\" class=\"slide-286 ms-image \" aria-roledescription=\"slide\" data-date=\"2022-07-03 15:03:05\" data-filename=\"PHOTO-2021-05-25-16-14-48-1200x900.jpg\" data-slide-type=\"image\"><img loading=\"lazy\" decoding=\"async\" src=\"https:\/\/strandurlaubzinnowitz.de\/wp-content\/uploads\/2022\/07\/PHOTO-2021-05-25-16-14-48-1200x900.jpg\" height=\"960\" width=\"1280\" alt=\"\" class=\"slider-141 slide-286 msDefaultImage\" title=\"PHOTO-2021-05-25-16-14-48\" \/><\/li>\n                <li style=\"display: none; width: 100%;\" class=\"slide-287 ms-image \" aria-roledescription=\"slide\" data-date=\"2022-07-03 15:03:05\" data-filename=\"PHOTO-2021-05-25-16-15-13-1200x900.jpg\" data-slide-type=\"image\"><img loading=\"lazy\" decoding=\"async\" src=\"https:\/\/strandurlaubzinnowitz.de\/wp-content\/uploads\/2022\/07\/PHOTO-2021-05-25-16-15-13-1200x900.jpg\" height=\"960\" width=\"1280\" alt=\"\" class=\"slider-141 slide-287 msDefaultImage\" title=\"PHOTO-2021-05-25-16-15-13\" \/><\/li>\n                <li style=\"display: none; width: 100%;\" class=\"slide-288 ms-image \" aria-roledescription=\"slide\" data-date=\"2022-07-03 15:03:06\" data-filename=\"PHOTO-2021-05-25-16-15-43-900x675.jpg\" data-slide-type=\"image\"><img loading=\"lazy\" decoding=\"async\" src=\"https:\/\/strandurlaubzinnowitz.de\/wp-content\/uploads\/2022\/07\/PHOTO-2021-05-25-16-15-43-900x675.jpg\" height=\"960\" width=\"1280\" alt=\"\" class=\"slider-141 slide-288 msDefaultImage\" title=\"PHOTO-2021-05-25-16-15-43\" \/><\/li>\n                <li style=\"display: none; width: 100%;\" class=\"slide-289 ms-image \" aria-roledescription=\"slide\" data-date=\"2022-07-03 15:03:06\" data-filename=\"PHOTO-2021-05-25-16-16-26-900x675.jpg\" data-slide-type=\"image\"><img loading=\"lazy\" decoding=\"async\" src=\"https:\/\/strandurlaubzinnowitz.de\/wp-content\/uploads\/2022\/07\/PHOTO-2021-05-25-16-16-26-900x675.jpg\" height=\"960\" width=\"1280\" alt=\"\" class=\"slider-141 slide-289 msDefaultImage\" title=\"PHOTO-2021-05-25-16-16-26\" \/><\/li>\n                <li style=\"display: none; width: 100%;\" class=\"slide-290 ms-image \" aria-roledescription=\"slide\" data-date=\"2022-07-03 15:03:06\" data-filename=\"PHOTO-2021-05-25-16-18-46-1200x900.jpg\" data-slide-type=\"image\"><img loading=\"lazy\" decoding=\"async\" src=\"https:\/\/strandurlaubzinnowitz.de\/wp-content\/uploads\/2022\/07\/PHOTO-2021-05-25-16-18-46-1200x900.jpg\" height=\"960\" width=\"1280\" alt=\"\" class=\"slider-141 slide-290 msDefaultImage\" title=\"PHOTO-2021-05-25-16-18-46\" \/><\/li>\n                <li style=\"display: none; width: 100%;\" class=\"slide-291 ms-image \" aria-roledescription=\"slide\" data-date=\"2022-07-03 15:03:06\" data-filename=\"PHOTO-2021-05-25-16-19-11-1200x900.jpg\" data-slide-type=\"image\"><img loading=\"lazy\" decoding=\"async\" src=\"https:\/\/strandurlaubzinnowitz.de\/wp-content\/uploads\/2022\/07\/PHOTO-2021-05-25-16-19-11-1200x900.jpg\" height=\"960\" width=\"1280\" alt=\"\" class=\"slider-141 slide-291 msDefaultImage\" title=\"PHOTO-2021-05-25-16-19-11\" \/><\/li>\n            <\/ul>\n        <\/div>\n        \n    <\/div>\n<\/div><\/div>\n\n\n\n<p><strong>Ferienwohnungen im Obergeschoss<\/strong><\/p>\n\n\n\n<p>Diese 2 Ferienwohnungen sind f\u00fcr je 2 Personen und auf Wunsch f\u00fcr eine Aufbettung ausgelegt. Die Gr\u00f6\u00dfe betr\u00e4gt ca. 35m\u00b2 und bietet einen Wohnraum, einen Schlafraum und eun Bad. Alle R\u00e4ume sind beheizbar. Auf dem gepflegten Grundst\u00fcck befinden sich Terrassen mit Strandk\u00f6rben.<\/p>\n\n\n\n<div class=\"alignnormal\"><div id=\"metaslider-id-116\" style=\"width: 100%;\" class=\"ml-slider-3-108-0 metaslider metaslider-flex metaslider-116 ml-slider has-dots-nav ms-theme-default\" role=\"region\" aria-label=\"Fewo oben\" data-height=\"960\" data-width=\"1280\">\n    <div id=\"metaslider_container_116\">\n        <div id=\"metaslider_116\">\n            <ul class='slides'>\n                <li style=\"display: block; width: 100%;\" class=\"slide-268 ms-image \" aria-roledescription=\"slide\" data-date=\"2022-07-03 15:00:05\" data-filename=\"PHOTO-2021-05-25-16-21-10-1200x900.jpg\" data-slide-type=\"image\"><img loading=\"lazy\" decoding=\"async\" src=\"https:\/\/strandurlaubzinnowitz.de\/wp-content\/uploads\/2022\/07\/PHOTO-2021-05-25-16-21-10-1200x900.jpg\" height=\"960\" width=\"1280\" alt=\"\" class=\"slider-116 slide-268 msDefaultImage\" title=\"PHOTO-2021-05-25-16-21-10\" \/><\/li>\n                <li style=\"display: none; width: 100%;\" class=\"slide-269 ms-image \" aria-roledescription=\"slide\" data-date=\"2022-07-03 15:00:06\" data-filename=\"PHOTO-2021-05-25-16-22-12-1200x900.jpg\" data-slide-type=\"image\"><img loading=\"lazy\" decoding=\"async\" src=\"https:\/\/strandurlaubzinnowitz.de\/wp-content\/uploads\/2022\/07\/PHOTO-2021-05-25-16-22-12-1200x900.jpg\" height=\"960\" width=\"1280\" alt=\"\" class=\"slider-116 slide-269 msDefaultImage\" title=\"PHOTO-2021-05-25-16-22-12\" \/><\/li>\n                <li style=\"display: none; width: 100%;\" class=\"slide-270 ms-image \" aria-roledescription=\"slide\" data-date=\"2022-07-03 15:00:06\" data-filename=\"PHOTO-2021-05-25-16-23-10-1200x900.jpg\" data-slide-type=\"image\"><img loading=\"lazy\" decoding=\"async\" src=\"https:\/\/strandurlaubzinnowitz.de\/wp-content\/uploads\/2022\/07\/PHOTO-2021-05-25-16-23-10-1200x900.jpg\" height=\"960\" width=\"1280\" alt=\"\" class=\"slider-116 slide-270 msDefaultImage\" title=\"PHOTO-2021-05-25-16-23-10\" \/><\/li>\n                <li style=\"display: none; width: 100%;\" class=\"slide-271 ms-image \" aria-roledescription=\"slide\" data-date=\"2022-07-03 15:00:07\" data-filename=\"PHOTO-2021-05-25-16-23-40-900x675.jpg\" data-slide-type=\"image\"><img loading=\"lazy\" decoding=\"async\" src=\"https:\/\/strandurlaubzinnowitz.de\/wp-content\/uploads\/2022\/07\/PHOTO-2021-05-25-16-23-40-900x675.jpg\" height=\"960\" width=\"1280\" alt=\"\" class=\"slider-116 slide-271 msDefaultImage\" title=\"PHOTO-2021-05-25-16-23-40\" \/><\/li>\n                <li style=\"display: none; width: 100%;\" class=\"slide-272 ms-image \" aria-roledescription=\"slide\" data-date=\"2022-07-03 15:00:07\" data-filename=\"PHOTO-2021-05-25-16-23-54-900x675.jpg\" data-slide-type=\"image\"><img loading=\"lazy\" decoding=\"async\" src=\"https:\/\/strandurlaubzinnowitz.de\/wp-content\/uploads\/2022\/07\/PHOTO-2021-05-25-16-23-54-900x675.jpg\" height=\"960\" width=\"1280\" alt=\"\" class=\"slider-116 slide-272 msDefaultImage\" title=\"PHOTO-2021-05-25-16-23-54\" \/><\/li>\n                <li style=\"display: none; width: 100%;\" class=\"slide-273 ms-image \" aria-roledescription=\"slide\" data-date=\"2022-07-03 15:00:07\" data-filename=\"PHOTO-2021-05-25-16-24-54-1200x900.jpg\" data-slide-type=\"image\"><img loading=\"lazy\" decoding=\"async\" src=\"https:\/\/strandurlaubzinnowitz.de\/wp-content\/uploads\/2022\/07\/PHOTO-2021-05-25-16-24-54-1200x900.jpg\" height=\"960\" width=\"1280\" alt=\"\" class=\"slider-116 slide-273 msDefaultImage\" title=\"PHOTO-2021-05-25-16-24-54\" \/><\/li>\n                <li style=\"display: none; width: 100%;\" class=\"slide-274 ms-image \" aria-roledescription=\"slide\" data-date=\"2022-07-03 15:00:07\" data-filename=\"PHOTO-2021-05-26-09-45-18-1200x900.jpg\" data-slide-type=\"image\"><img loading=\"lazy\" decoding=\"async\" src=\"https:\/\/strandurlaubzinnowitz.de\/wp-content\/uploads\/2022\/07\/PHOTO-2021-05-26-09-45-18-1200x900.jpg\" height=\"960\" width=\"1280\" alt=\"\" class=\"slider-116 slide-274 msDefaultImage\" title=\"PHOTO-2021-05-26-09-45-18\" \/><\/li>\n                <li style=\"display: none; width: 100%;\" class=\"slide-275 ms-image \" aria-roledescription=\"slide\" data-date=\"2022-07-03 15:00:08\" data-filename=\"PHOTO-2021-05-26-09-45-35-1200x900.jpg\" data-slide-type=\"image\"><img loading=\"lazy\" decoding=\"async\" src=\"https:\/\/strandurlaubzinnowitz.de\/wp-content\/uploads\/2022\/07\/PHOTO-2021-05-26-09-45-35-1200x900.jpg\" height=\"960\" width=\"1280\" alt=\"\" class=\"slider-116 slide-275 msDefaultImage\" title=\"PHOTO-2021-05-26-09-45-35\" \/><\/li>\n                <li style=\"display: none; width: 100%;\" class=\"slide-276 ms-image \" aria-roledescription=\"slide\" data-date=\"2022-07-03 15:00:08\" data-filename=\"PHOTO-2021-05-26-09-52-42-1200x900.jpg\" data-slide-type=\"image\"><img loading=\"lazy\" decoding=\"async\" src=\"https:\/\/strandurlaubzinnowitz.de\/wp-content\/uploads\/2022\/07\/PHOTO-2021-05-26-09-52-42-1200x900.jpg\" height=\"960\" width=\"1280\" alt=\"\" class=\"slider-116 slide-276 msDefaultImage\" title=\"PHOTO-2021-05-26-09-52-42\" \/><\/li>\n                <li style=\"display: none; width: 100%;\" class=\"slide-277 ms-image \" aria-roledescription=\"slide\" data-date=\"2022-07-03 15:00:08\" data-filename=\"PHOTO-2021-05-26-09-53-04-900x675.jpg\" data-slide-type=\"image\"><img loading=\"lazy\" decoding=\"async\" src=\"https:\/\/strandurlaubzinnowitz.de\/wp-content\/uploads\/2022\/07\/PHOTO-2021-05-26-09-53-04-900x675.jpg\" height=\"960\" width=\"1280\" alt=\"\" class=\"slider-116 slide-277 msDefaultImage\" title=\"PHOTO-2021-05-26-09-53-04\" \/><\/li>\n            <\/ul>\n        <\/div>\n        \n    <\/div>\n<\/div><\/div>\n\n\n\n<p><strong>Preis\u00fcbersicht f\u00fcr unsere Ferienwohnungen<\/strong><\/p>\n\n\n\n<p>Die angegebenen Preise gelten pro Nacht und Wohnung f\u00fcr 2 Personen.<\/p>\n\n\n\n<figure class=\"wp-block-table\"><table><tbody><tr><td><\/td><td>Zeitraum<\/td><td>FEWO Typ 1<\/td><td>FEWO Typ 2<\/td><\/tr><tr><td>Saison 1<\/td><td>Juli \/ August und Weihnachten \/ Sylvester<\/td><td>84,- \u20ac<\/td><td>79,- \u20ac<\/td><\/tr><tr><td>Saison 2<\/td><td>Juni und September, Ostern und Pfingsten<\/td><td>69,- \u20ac<\/td><td>65,- \u20ac<\/td><\/tr><tr><td>Saison 3<\/td><td>\u00fcbrige Zeit<\/td><td>49,- \u20ac<\/td><td>45,- \u20ac<\/td><\/tr><tr><td>Endreinigung f\u00fcr alle Wohnungen einmalig 59,00 \u20ac<\/td><\/tr><tr><td>&nbsp;<\/td><\/tr><\/tbody><\/table><\/figure>\n\n\n\n<p>Zu den genannten Preisen k\u00f6nnen Sie eine Aufbettung f\u00fcr 15,- \u20ac pro Tag, einen Aufpreis f\u00fcr Haustiere in H\u00f6he von 10,- \u20ac pro Tag, nach vorheriger Absprache, sowie Handt\u00fccher f\u00fcr 10,00 \u20ac und Bettw\u00e4sche f\u00fcr 8,- \u20ac je Person zu Ihrer Buchung zus\u00e4tzlich zahlen.<\/p>\n","protected":false},"excerpt":{"rendered":"<p>Unsere 4 Ferienwohnungen sind mit je 2 Wohnungen pro Etage im Objekt optimal verteilt, um Ihnen einen sorgenfreien angenehmen Aufenthalt<\/p>\n","protected":false},"author":1,"featured_media":0,"parent":0,"menu_order":0,"comment_status":"closed","ping_status":"closed","template":"","meta":{"footnotes":""},"class_list":["post-12","page","type-page","status-publish","hentry"],"yoast_head":"<!-- This site is optimized with the Yoast SEO plugin v27.5 - https:\/\/yoast.com\/product\/yoast-seo-wordpress\/ -->\n<title>Unsere Ferienwohnungen - Ferienwohnungen in Zinnowitz<\/title>\n<meta name=\"robots\" content=\"index, follow, max-snippet:-1, max-image-preview:large, max-video-preview:-1\" \/>\n<link rel=\"canonical\" href=\"https:\/\/strandurlaubzinnowitz.de\/?page_id=12\" \/>\n<meta property=\"og:locale\" content=\"de_DE\" \/>\n<meta property=\"og:type\" content=\"article\" \/>\n<meta property=\"og:title\" content=\"Unsere Ferienwohnungen - Ferienwohnungen in Zinnowitz\" \/>\n<meta property=\"og:description\" content=\"Unsere 4 Ferienwohnungen sind mit je 2 Wohnungen pro Etage im Objekt optimal verteilt, um Ihnen einen sorgenfreien angenehmen Aufenthalt\" \/>\n<meta property=\"og:url\" content=\"https:\/\/strandurlaubzinnowitz.de\/?page_id=12\" \/>\n<meta property=\"og:site_name\" content=\"Ferienwohnungen in Zinnowitz\" \/>\n<meta property=\"article:modified_time\" content=\"2022-07-03T15:05:05+00:00\" \/>\n<meta name=\"twitter:card\" content=\"summary_large_image\" \/>\n<meta name=\"twitter:label1\" content=\"Gesch\u00e4tzte Lesezeit\" \/>\n\t<meta name=\"twitter:data1\" content=\"2\u00a0Minuten\" \/>\n<script type=\"application\/ld+json\" class=\"yoast-schema-graph\">{\"@context\":\"https:\\\/\\\/schema.org\",\"@graph\":[{\"@type\":\"WebPage\",\"@id\":\"https:\\\/\\\/strandurlaubzinnowitz.de\\\/?page_id=12\",\"url\":\"https:\\\/\\\/strandurlaubzinnowitz.de\\\/?page_id=12\",\"name\":\"Unsere Ferienwohnungen - Ferienwohnungen in Zinnowitz\",\"isPartOf\":{\"@id\":\"https:\\\/\\\/strandurlaubzinnowitz.de\\\/#website\"},\"datePublished\":\"2019-04-23T11:52:43+00:00\",\"dateModified\":\"2022-07-03T15:05:05+00:00\",\"breadcrumb\":{\"@id\":\"https:\\\/\\\/strandurlaubzinnowitz.de\\\/?page_id=12#breadcrumb\"},\"inLanguage\":\"de\",\"potentialAction\":[{\"@type\":\"ReadAction\",\"target\":[\"https:\\\/\\\/strandurlaubzinnowitz.de\\\/?page_id=12\"]}]},{\"@type\":\"BreadcrumbList\",\"@id\":\"https:\\\/\\\/strandurlaubzinnowitz.de\\\/?page_id=12#breadcrumb\",\"itemListElement\":[{\"@type\":\"ListItem\",\"position\":1,\"name\":\"Startseite\",\"item\":\"https:\\\/\\\/strandurlaubzinnowitz.de\\\/\"},{\"@type\":\"ListItem\",\"position\":2,\"name\":\"Unsere Ferienwohnungen\"}]},{\"@type\":\"WebSite\",\"@id\":\"https:\\\/\\\/strandurlaubzinnowitz.de\\\/#website\",\"url\":\"https:\\\/\\\/strandurlaubzinnowitz.de\\\/\",\"name\":\"Ferienwohnungen in Zinnowitz\",\"description\":\"www.strandurlaub-zinnowitz.de\",\"potentialAction\":[{\"@type\":\"SearchAction\",\"target\":{\"@type\":\"EntryPoint\",\"urlTemplate\":\"https:\\\/\\\/strandurlaubzinnowitz.de\\\/?s={search_term_string}\"},\"query-input\":{\"@type\":\"PropertyValueSpecification\",\"valueRequired\":true,\"valueName\":\"search_term_string\"}}],\"inLanguage\":\"de\"}]}<\/script>\n<!-- \/ Yoast SEO plugin. -->","yoast_head_json":{"title":"Unsere Ferienwohnungen - Ferienwohnungen in Zinnowitz","robots":{"index":"index","follow":"follow","max-snippet":"max-snippet:-1","max-image-preview":"max-image-preview:large","max-video-preview":"max-video-preview:-1"},"canonical":"https:\/\/strandurlaubzinnowitz.de\/?page_id=12","og_locale":"de_DE","og_type":"article","og_title":"Unsere Ferienwohnungen - Ferienwohnungen in Zinnowitz","og_description":"Unsere 4 Ferienwohnungen sind mit je 2 Wohnungen pro Etage im Objekt optimal verteilt, um Ihnen einen sorgenfreien angenehmen Aufenthalt","og_url":"https:\/\/strandurlaubzinnowitz.de\/?page_id=12","og_site_name":"Ferienwohnungen in Zinnowitz","article_modified_time":"2022-07-03T15:05:05+00:00","twitter_card":"summary_large_image","twitter_misc":{"Gesch\u00e4tzte Lesezeit":"2\u00a0Minuten"},"schema":{"@context":"https:\/\/schema.org","@graph":[{"@type":"WebPage","@id":"https:\/\/strandurlaubzinnowitz.de\/?page_id=12","url":"https:\/\/strandurlaubzinnowitz.de\/?page_id=12","name":"Unsere Ferienwohnungen - Ferienwohnungen in Zinnowitz","isPartOf":{"@id":"https:\/\/strandurlaubzinnowitz.de\/#website"},"datePublished":"2019-04-23T11:52:43+00:00","dateModified":"2022-07-03T15:05:05+00:00","breadcrumb":{"@id":"https:\/\/strandurlaubzinnowitz.de\/?page_id=12#breadcrumb"},"inLanguage":"de","potentialAction":[{"@type":"ReadAction","target":["https:\/\/strandurlaubzinnowitz.de\/?page_id=12"]}]},{"@type":"BreadcrumbList","@id":"https:\/\/strandurlaubzinnowitz.de\/?page_id=12#breadcrumb","itemListElement":[{"@type":"ListItem","position":1,"name":"Startseite","item":"https:\/\/strandurlaubzinnowitz.de\/"},{"@type":"ListItem","position":2,"name":"Unsere Ferienwohnungen"}]},{"@type":"WebSite","@id":"https:\/\/strandurlaubzinnowitz.de\/#website","url":"https:\/\/strandurlaubzinnowitz.de\/","name":"Ferienwohnungen in Zinnowitz","description":"www.strandurlaub-zinnowitz.de","potentialAction":[{"@type":"SearchAction","target":{"@type":"EntryPoint","urlTemplate":"https:\/\/strandurlaubzinnowitz.de\/?s={search_term_string}"},"query-input":{"@type":"PropertyValueSpecification","valueRequired":true,"valueName":"search_term_string"}}],"inLanguage":"de"}]}},"_links":{"self":[{"href":"https:\/\/strandurlaubzinnowitz.de\/index.php?rest_route=\/wp\/v2\/pages\/12","targetHints":{"allow":["GET"]}}],"collection":[{"href":"https:\/\/strandurlaubzinnowitz.de\/index.php?rest_route=\/wp\/v2\/pages"}],"about":[{"href":"https:\/\/strandurlaubzinnowitz.de\/index.php?rest_route=\/wp\/v2\/types\/page"}],"author":[{"embeddable":true,"href":"https:\/\/strandurlaubzinnowitz.de\/index.php?rest_route=\/wp\/v2\/users\/1"}],"replies":[{"embeddable":true,"href":"https:\/\/strandurlaubzinnowitz.de\/index.php?rest_route=%2Fwp%2Fv2%2Fcomments&post=12"}],"version-history":[{"count":3,"href":"https:\/\/strandurlaubzinnowitz.de\/index.php?rest_route=\/wp\/v2\/pages\/12\/revisions"}],"predecessor-version":[{"id":292,"href":"https:\/\/strandurlaubzinnowitz.de\/index.php?rest_route=\/wp\/v2\/pages\/12\/revisions\/292"}],"wp:attachment":[{"href":"https:\/\/strandurlaubzinnowitz.de\/index.php?rest_route=%2Fwp%2Fv2%2Fmedia&parent=12"}],"curies":[{"name":"wp","href":"https:\/\/api.w.org\/{rel}","templated":true}]}}